{"id":1078,"date":"2025-08-14T16:56:00","date_gmt":"2025-08-14T15:56:00","guid":{"rendered":"https:\/\/protocole-csr.com\/?page_id=1078"},"modified":"2025-08-14T18:00:08","modified_gmt":"2025-08-14T17:00:08","slug":"1078-2","status":"publish","type":"page","link":"https:\/\/protocole-csr.com\/?page_id=1078","title":{"rendered":"Portail de la communaut\u00e9 des CSR"},"content":{"rendered":"\n<!doctype html>\n<html lang=\"fr\">\n<head>\n  <meta charset=\"utf-8\" \/>\n  <meta name=\"viewport\" content=\"width=device-width, initial-scale=1\" \/>\n  <title>Connexion \u2014 protocole-csr.com<\/title>\n  <link rel=\"preconnect\" href=\"https:\/\/fonts.googleapis.com\">\n  <link rel=\"preconnect\" href=\"https:\/\/fonts.gstatic.com\" crossorigin>\n  <link href=\"https:\/\/fonts.googleapis.com\/css2?family=Inter:wght@400;600&#038;display=swap\" rel=\"stylesheet\">\n  <link rel=\"stylesheet\" href=\"\/assets\/css\/login.css\" \/>\n<\/head>\n<body>\n  <main class=\"container\" aria-labelledby=\"login-title\">\n    <section class=\"card\" role=\"form\">\n      <h1 id=\"login-title\">Connexion<\/h1>\n      <p class=\"subtitle\">Acc\u00e9dez \u00e0 votre espace CSR en toute s\u00e9curit\u00e9.<\/p>\n\n      <form id=\"login-form\" novalidate>\n        <div class=\"field\">\n          <label for=\"email\">Email<\/label>\n          <input id=\"email\" name=\"email\" type=\"email\" autocomplete=\"username\" required placeholder=\"vous@domaine.com\" \/>\n          <small class=\"error\" id=\"email-error\" aria-live=\"polite\"><\/small>\n        <\/div>\n\n        <div class=\"field\">\n          <label for=\"password\">Mot de passe<\/label>\n          <div class=\"password-wrap\">\n            <input id=\"password\" name=\"password\" type=\"password\" autocomplete=\"current-password\" minlength=\"8\" required placeholder=\"\u2022\u2022\u2022\u2022\u2022\u2022\u2022\u2022\" \/>\n            <button type=\"button\" id=\"toggle-password\" aria-label=\"Afficher le mot de passe\">\ud83d\udc41\ufe0f<\/button>\n          <\/div>\n          <small class=\"hint\">Au moins 8 caract\u00e8res<\/small>\n          <small class=\"error\" id=\"password-error\" aria-live=\"polite\"><\/small>\n        <\/div>\n\n        <div class=\"row\">\n          <label class=\"checkbox\">\n            <input type=\"checkbox\" id=\"remember\" name=\"remember\" \/>\n            <span>Se souvenir de moi<\/span>\n          <\/label>\n          <a class=\"link\" href=\"\/auth\/reset.html\">Mot de passe oubli\u00e9\u00a0?<\/a>\n        <\/div>\n\n        <button id=\"submit-btn\" type=\"submit\" class=\"btn\" disabled>Se connecter<\/button>\n\n        <div id=\"form-message\" class=\"form-message\" role=\"alert\" aria-live=\"polite\"><\/div>\n      <\/form>\n\n      <footer class=\"meta\">\u00a9 <span id=\"year\"><\/span> protocole-csr.com<\/footer>\n    <\/section>\n  <\/main>\n\n  <script src=\"\/assets\/js\/login.js\" defer><\/script>\n<\/body>\n<\/html>\n\n\n\n<p><\/p>\n","protected":false},"excerpt":{"rendered":"<p>Connexion \u2014 protocole-csr.com Connexion Acc\u00e9dez \u00e0 votre espace CSR en toute s\u00e9curit\u00e9. Email Mot de passe \ud83d\udc41\ufe0f Au moins 8 caract\u00e8res Se souvenir de moi Mot de passe oubli\u00e9\u00a0? Se connecter \u00a9 protocole-csr.com<\/p>\n","protected":false},"author":1,"featured_media":639,"parent":0,"menu_order":0,"comment_status":"closed","ping_status":"closed","template":"","meta":{"_acf_changed":false,"_bbp_topic_count":0,"_bbp_reply_count":0,"_bbp_total_topic_count":0,"_bbp_total_reply_count":0,"_bbp_voice_count":0,"_bbp_anonymous_reply_count":0,"_bbp_topic_count_hidden":0,"_bbp_reply_count_hidden":0,"_bbp_forum_subforum_count":0,"_gspb_post_css":"","om_disable_all_campaigns":false,"_surecart_dashboard_logo_width":"180px","_surecart_dashboard_show_logo":true,"_surecart_dashboard_navigation_orders":true,"_surecart_dashboard_navigation_invoices":true,"_surecart_dashboard_navigation_subscriptions":true,"_surecart_dashboard_navigation_downloads":true,"_surecart_dashboard_navigation_billing":true,"_surecart_dashboard_navigation_account":true,"_monsterinsights_skip_tracking":false,"_monsterinsights_sitenote_active":false,"_monsterinsights_sitenote_note":"","_monsterinsights_sitenote_category":0,"_kadence_starter_templates_imported_post":false,"footnotes":""},"class_list":["post-1078","page","type-page","status-publish","has-post-thumbnail","hentry"],"blocksy_meta":[],"aioseo_notices":[],"acf":[],"_links":{"self":[{"href":"https:\/\/protocole-csr.com\/index.php?rest_route=\/wp\/v2\/pages\/1078","targetHints":{"allow":["GET"]}}],"collection":[{"href":"https:\/\/protocole-csr.com\/index.php?rest_route=\/wp\/v2\/pages"}],"about":[{"href":"https:\/\/protocole-csr.com\/index.php?rest_route=\/wp\/v2\/types\/page"}],"author":[{"embeddable":true,"href":"https:\/\/protocole-csr.com\/index.php?rest_route=\/wp\/v2\/users\/1"}],"replies":[{"embeddable":true,"href":"https:\/\/protocole-csr.com\/index.php?rest_route=%2Fwp%2Fv2%2Fcomments&post=1078"}],"version-history":[{"count":11,"href":"https:\/\/protocole-csr.com\/index.php?rest_route=\/wp\/v2\/pages\/1078\/revisions"}],"predecessor-version":[{"id":1093,"href":"https:\/\/protocole-csr.com\/index.php?rest_route=\/wp\/v2\/pages\/1078\/revisions\/1093"}],"wp:featuredmedia":[{"embeddable":true,"href":"https:\/\/protocole-csr.com\/index.php?rest_route=\/wp\/v2\/media\/639"}],"wp:attachment":[{"href":"https:\/\/protocole-csr.com\/index.php?rest_route=%2Fwp%2Fv2%2Fmedia&parent=1078"}],"curies":[{"name":"wp","href":"https:\/\/api.w.org\/{rel}","templated":true}]}}