{"id":11,"date":"2025-07-14T12:42:42","date_gmt":"2025-07-14T11:42:42","guid":{"rendered":"http:\/\/protocole-csr.com\/?page_id=11"},"modified":"2025-07-24T19:15:25","modified_gmt":"2025-07-24T18:15:25","slug":"accueil","status":"publish","type":"page","link":"https:\/\/protocole-csr.com\/?page_id=11","title":{"rendered":"Bienvenue sur Protocole CSR \u2013 Conseils Sant\u00e9 et R\u00e9ussite"},"content":{"rendered":"\n<div class=\"wp-block-group alignfull is-layout-constrained wp-container-core-group-is-layout-0c9c989a wp-block-group-is-layout-constrained\" style=\"min-height:0vh;margin-top:0;margin-bottom:0;padding-top:var(--wp--preset--spacing--70);padding-right:var(--wp--preset--spacing--40);padding-bottom:var(--wp--preset--spacing--70);padding-left:var(--wp--preset--spacing--40)\">\n<div class=\"wp-block-group is-layout-constrained wp-container-core-group-is-layout-346627ba wp-block-group-is-layout-constrained\">\n<figure class=\"wp-block-image size-large\"><img loading=\"lazy\" decoding=\"async\" width=\"672\" height=\"1024\" sizes=\"auto, (max-width: 672px) 100vw, 672px\" src=\"https:\/\/protocole-csr.com\/wp-content\/uploads\/2025\/07\/Image-Protocole-csr-Publication-Instagram-45-5-1-672x1024.jpg\" alt=\"\" class=\"wp-image-780\" srcset=\"https:\/\/protocole-csr.com\/wp-content\/uploads\/2025\/07\/Image-Protocole-csr-Publication-Instagram-45-5-1-672x1024.jpg 672w, https:\/\/protocole-csr.com\/wp-content\/uploads\/2025\/07\/Image-Protocole-csr-Publication-Instagram-45-5-1-197x300.jpg 197w, https:\/\/protocole-csr.com\/wp-content\/uploads\/2025\/07\/Image-Protocole-csr-Publication-Instagram-45-5-1-768x1170.jpg 768w, https:\/\/protocole-csr.com\/wp-content\/uploads\/2025\/07\/Image-Protocole-csr-Publication-Instagram-45-5-1-1008x1536.jpg 1008w, https:\/\/protocole-csr.com\/wp-content\/uploads\/2025\/07\/Image-Protocole-csr-Publication-Instagram-45-5-1.jpg 1313w\" \/><\/figure>\n\n\n\n<hr class=\"wp-block-separator has-alpha-channel-opacity\"\/>\n\n\n\n<p><strong>Transformez votre sant\u00e9 et votre vie gr\u00e2ce \u00e0 l\u2019expertise de Jean-Louis Dossou,<br>fondateur de la communaut\u00e9 CSR, auteur de 84 livres, et partenaire Forever Living depuis 17 ans.<\/strong><\/p>\n\n\n\n<hr class=\"wp-block-separator has-alpha-channel-opacity\"\/>\n\n\n\n<h2 class=\"wp-block-heading\" id=\"votre-sante-notre-priorite\"><strong>Votre sant\u00e9, notre priorit\u00e9<\/strong><\/h2>\n\n\n\n<p>Bienvenue\u202f!<br>Je suis <strong>Jean-Louis Dossou<\/strong>, passionn\u00e9 de sant\u00e9 naturelle,<br>fondateur de l\u2019\u00c9cole de Sant\u00e9 et R\u00e9ussite (ESR) et cr\u00e9ateur de la communaut\u00e9 des Conseillers en Sant\u00e9 et R\u00e9ussite (CSR).<\/p>\n\n\n\n<p>Depuis 17 ans, j\u2019accompagne des milliers de personnes \u00e0 travers le monde<br>dans leur transformation vers un bien-\u00eatre durable et une r\u00e9ussite profonde,<br>gr\u00e2ce \u00e0 l\u2019int\u00e9gration intelligente des compl\u00e9ments alimentaires Forever Living et \u00e0 une approche personnalis\u00e9e de la sant\u00e9.<\/p>\n\n\n\n<hr class=\"wp-block-separator has-alpha-channel-opacity\"\/>\n\n\n\n<h2 class=\"wp-block-heading\" id=\"decouvrez-la-serie-protocole-sante-interne\"><strong>D\u00e9couvrez la s\u00e9rie \u201cProtocole Sant\u00e9 Interne\u201d<\/strong><\/h2>\n\n\n\n<p>Auteur de <strong>84 livres<\/strong>, dont <strong>61 volumes dans la s\u00e9rie \u201cProtocole Sant\u00e9 Interne\u201d<\/strong>,<br>je partage dans ces ouvrages mon exp\u00e9rience, des conseils pratiques et des protocoles uniques pour vous aider \u00e0 mieux comprendre, \u00e9couter et soutenir votre corps au quotidien.<\/p>\n\n\n\n<blockquote class=\"wp-block-quote is-layout-flow wp-block-quote-is-layout-flow\">\n<p><strong><a href=\"https:\/\/santereusssite.my.canva.site\/bibliothhequecsr\">D\u00e9couvrir la s\u00e9rie sur Amazon<\/a><\/strong><\/p>\n<\/blockquote>\n\n\n\n<hr class=\"wp-block-separator has-alpha-channel-opacity\"\/>\n\n\n\n<h2 class=\"wp-block-heading\" id=\"accedez-a-toutes-mes-boutiques-forever-living\"><strong>\ud83d\uded2 Acc\u00e9dez \u00e0 toutes mes boutiques Forever Living<\/strong><\/h2>\n\n\n\n<p>Retrouvez en un clic tous mes espaces de vente Forever Living officiels.<br>Profitez de conseils personnalis\u00e9s, de protocoles adapt\u00e9s et d\u2019un accompagnement sur mesure pour choisir les meilleurs produits selon vos besoins.<\/p>\n\n\n\n<blockquote class=\"wp-block-quote is-layout-flow wp-block-quote-is-layout-flow\">\n<p><strong><a href=\"https:\/\/jldos.flp.com\">Acc\u00e9der \u00e0 la Boutique Forever Living<\/a><\/strong><\/p>\n<\/blockquote>\n\n\n\n<hr class=\"wp-block-separator has-alpha-channel-opacity\"\/>\n\n\n\n<h2 class=\"wp-block-heading\" id=\"rejoignez-la-communaute-csr\"><strong>\ud83d\udcac Rejoignez la communaut\u00e9 CSR<\/strong><\/h2>\n\n\n\n<p>Envie d\u2019\u00e9changer, de progresser, de partager votre exp\u00e9rience\u202f?<br>Rejoignez notre communaut\u00e9 d\u2019entraide\u202f: Conseillers en Sant\u00e9 et R\u00e9ussite, clients satisfaits, t\u00e9moignages inspirants, formations et \u00e9v\u00e9nements d\u00e9di\u00e9s.<\/p>\n\n\n\n<blockquote class=\"wp-block-quote is-layout-flow wp-block-quote-is-layout-flow\">\n<p><strong><a href=\"https:\/\/jldos.flp.com\/candidats-csr\">Rejoindre la communaut\u00e9 CSR<\/a><\/strong><\/p>\n<\/blockquote>\n\n\n\n<hr class=\"wp-block-separator has-alpha-channel-opacity\"\/>\n\n\n\n<h2 class=\"wp-block-heading\" id=\"quelques-chiffres-cles\"><strong>\u2b50 Quelques chiffres cl\u00e9s<\/strong><\/h2>\n\n\n\n<ul class=\"wp-block-list\">\n<li><strong>17 ans<\/strong> d\u2019exp\u00e9rience avec Forever Living<\/li>\n\n\n\n<li><strong>84 livres publi\u00e9s<\/strong>, dont 61 dans la s\u00e9rie Protocole Sant\u00e9 Interne<\/li>\n\n\n\n<li><strong>Des milliers de personnes accompagn\u00e9es<\/strong> vers une sant\u00e9 optimale<\/li>\n\n\n\n<li><strong>Des r\u00e9sultats prouv\u00e9s<\/strong> et des t\u00e9moignages concrets<\/li>\n<\/ul>\n\n\n\n<hr class=\"wp-block-separator has-alpha-channel-opacity\"\/>\n\n\n\n<h2 class=\"wp-block-heading\" id=\"derniers-articles-conseils\"><strong>Derniers articles &amp; conseils<\/strong><\/h2>\n\n\n\n<p><em><a href=\"https:\/\/protocole-csr.com\/?page_id=144\" data-type=\"page\" data-id=\"144\">Articles r\u00e9cents<\/a><\/em><\/p>\n\n\n\n<hr class=\"wp-block-separator has-alpha-channel-opacity\"\/>\n\n\n\n<p class=\"has-x-large-font-size\"><mark style=\"background-color:#FFEE58\" class=\"has-inline-color\"><strong>\ud83c\udfa5 Retrouvez-moi en direct sur TikTok\u202f!<\/strong><\/mark><\/p>\n\n\n\n<p>Ne manquez pas mes lives exclusifs o\u00f9 je partage chaque semaine des conseils sant\u00e9, bien-\u00eatre, astuces Forever Living et retours d\u2019exp\u00e9rience en direct.<\/p>\n\n\n\n<p>\ud83d\udc49 <strong>Rejoignez-moi sur TikTok pour ne rien manquer\u202f:<\/strong><\/p>\n\n\n\n<ul class=\"wp-block-list\">\n<li>D\u00e9couverte de nouveaux produits<\/li>\n\n\n\n<li>Conseils pratiques pour votre bien-\u00eatre<\/li>\n\n\n\n<li>R\u00e9ponses \u00e0 vos questions en temps r\u00e9el<\/li>\n\n\n\n<li>T\u00e9moignages et partages inspirants<\/li>\n<\/ul>\n\n\n\n<p><strong>Abonnez-vous d\u00e8s maintenant et activez les notifications pour participer \u00e0 la communaut\u00e9 Protocole CSR en live\u202f!<\/strong><\/p>\n\n\n\n<p><a href=\"https:\/\/tiktok.com\/@esrjldossou\">\ud83d\udd17 Suivre mes lives sur TikTok<\/a><\/p>\n\n\n\n<p>Transformons ensemble votre sant\u00e9 et votre r\u00e9ussite\u2026 en direct !<\/p>\n\n\n\n<hr class=\"wp-block-separator has-alpha-channel-opacity\"\/>\n\n\n\n<h2 class=\"wp-block-heading\" id=\"me-contacter\"><strong>\ud83d\udcde Me contacter<\/strong><\/h2>\n\n\n\n<p>Une question\u202f? Un projet\u202f? Envie d\u2019\u00eatre conseill\u00e9 personnellement\u202f?<br>N\u2019h\u00e9site pas \u00e0 me contacter ou \u00e0 prendre rendez-vous.<\/p>\n\n\n\n<blockquote class=\"wp-block-quote is-layout-flow wp-block-quote-is-layout-flow\">\n<p><strong><a href=\"https:\/\/wa.me\/2290197165952\">Me contacter<\/a><\/strong><\/p>\n<\/blockquote>\n\n\n\n<hr class=\"wp-block-separator has-alpha-channel-opacity\"\/>\n\n\n\n<p><em>Chemin de R\u00e9ussite Durable \u2013 Transformons votre vie gr\u00e2ce \u00e0 la connaissance et \u00e0 l\u2019action.<\/em><\/p>\n<\/div>\n<\/div>\n\n\n\n<aside class=\"wp-block-group alignfull is-style-section-3 is-layout-constrained wp-container-core-group-is-layout-f0f2a97b wp-block-group-is-layout-constrained\" style=\"margin-top:0;margin-bottom:0;padding-top:var(--wp--preset--spacing--50);padding-right:var(--wp--preset--spacing--50);padding-bottom:var(--wp--preset--spacing--50);padding-left:var(--wp--preset--spacing--50)\">\n<div class=\"wp-block-group is-vertical is-content-justification-center is-layout-flex wp-container-core-group-is-layout-8778ca4a wp-block-group-is-layout-flex\" style=\"min-height:360px;margin-top:0;margin-bottom:0\">\n<h2 class=\"wp-block-heading has-text-align-center has-x-large-font-size wp-container-content-9cfa9a5a\" id=\"recevez-chaque-semaine-un-conseil-bien-etre\">Recevez chaque semaine un conseil bien-\u00eatre<\/h2>\n\n\n\n<p class=\"has-text-align-center is-style-text-subtitle has-medium-font-size\">Des astuces simples, inspirantes et naturelles pour transformer votre quotidien.<\/p>\n\n\n\n<div style=\"height:0px\" aria-hidden=\"true\" class=\"wp-block-spacer wp-container-content-62aae154\"><\/div>\n\n\n\n<div class=\"wp-block-buttons is-content-justification-center is-layout-flex wp-container-core-buttons-is-layout-a89b3969 wp-block-buttons-is-layout-flex\">\n<div class=\"wp-block-button\"><a class=\"wp-block-button__link has-text-align-center wp-element-button\" href=\"https:\/\/csrjldos.pro\">S\u2019abonner<\/a><\/div>\n<\/div>\n<\/div>\n<\/aside>\n\n\n\n<p><\/p>\n","protected":false},"excerpt":{"rendered":"<p>Transformez votre sant\u00e9 et votre vie gr\u00e2ce \u00e0 l\u2019expertise de Jean-Louis Dossou,fondateur de la communaut\u00e9 CSR, auteur de 84 livres, et partenaire Forever Living depuis 17 ans. Votre sant\u00e9, notre priorit\u00e9 Bienvenue\u202f!Je suis Jean-Louis Dossou, passionn\u00e9 de sant\u00e9 naturelle,fondateur de l\u2019\u00c9cole de Sant\u00e9 et R\u00e9ussite (ESR) et cr\u00e9ateur de la communaut\u00e9 des Conseillers en Sant\u00e9 [&hellip;]<\/p>\n","protected":false},"author":1,"featured_media":7,"parent":0,"menu_order":0,"comment_status":"closed","ping_status":"closed","template":"","meta":{"_acf_changed":false,"_bbp_topic_count":0,"_bbp_reply_count":0,"_bbp_total_topic_count":0,"_bbp_total_reply_count":0,"_bbp_voice_count":0,"_bbp_anonymous_reply_count":0,"_bbp_topic_count_hidden":0,"_bbp_reply_count_hidden":0,"_bbp_forum_subforum_count":0,"_gspb_post_css":"","om_disable_all_campaigns":false,"_surecart_dashboard_logo_width":"180px","_surecart_dashboard_show_logo":true,"_surecart_dashboard_navigation_orders":true,"_surecart_dashboard_navigation_invoices":true,"_surecart_dashboard_navigation_subscriptions":true,"_surecart_dashboard_navigation_downloads":true,"_surecart_dashboard_navigation_billing":true,"_surecart_dashboard_navigation_account":true,"_monsterinsights_skip_tracking":false,"_monsterinsights_sitenote_active":false,"_monsterinsights_sitenote_note":"","_monsterinsights_sitenote_category":0,"_kadence_starter_templates_imported_post":false,"footnotes":""},"class_list":["post-11","page","type-page","status-publish","has-post-thumbnail","hentry"],"blocksy_meta":{"disable_featured_image":"no","disable_share_box":"no","disable_header":"no","disable_footer":"no","has_hero_section":"default","styles_descriptor":{"styles":{"desktop":"","tablet":"","mobile":""},"google_fonts":[],"version":6}},"aioseo_notices":[],"acf":[],"_links":{"self":[{"href":"https:\/\/protocole-csr.com\/index.php?rest_route=\/wp\/v2\/pages\/11","targetHints":{"allow":["GET"]}}],"collection":[{"href":"https:\/\/protocole-csr.com\/index.php?rest_route=\/wp\/v2\/pages"}],"about":[{"href":"https:\/\/protocole-csr.com\/index.php?rest_route=\/wp\/v2\/types\/page"}],"author":[{"embeddable":true,"href":"https:\/\/protocole-csr.com\/index.php?rest_route=\/wp\/v2\/users\/1"}],"replies":[{"embeddable":true,"href":"https:\/\/protocole-csr.com\/index.php?rest_route=%2Fwp%2Fv2%2Fcomments&post=11"}],"version-history":[{"count":13,"href":"https:\/\/protocole-csr.com\/index.php?rest_route=\/wp\/v2\/pages\/11\/revisions"}],"predecessor-version":[{"id":781,"href":"https:\/\/protocole-csr.com\/index.php?rest_route=\/wp\/v2\/pages\/11\/revisions\/781"}],"wp:featuredmedia":[{"embeddable":true,"href":"https:\/\/protocole-csr.com\/index.php?rest_route=\/wp\/v2\/media\/7"}],"wp:attachment":[{"href":"https:\/\/protocole-csr.com\/index.php?rest_route=%2Fwp%2Fv2%2Fmedia&parent=11"}],"curies":[{"name":"wp","href":"https:\/\/api.w.org\/{rel}","templated":true}]}}