{"id":637,"date":"2025-07-20T08:48:10","date_gmt":"2025-07-20T07:48:10","guid":{"rendered":"https:\/\/protocole-csr.com\/?page_id=637"},"modified":"2025-07-24T19:00:19","modified_gmt":"2025-07-24T18:00:19","slug":"a-propos-de-jean-louis-dossou-et-du-protocole-csr","status":"publish","type":"page","link":"https:\/\/protocole-csr.com\/?page_id=637","title":{"rendered":"\u00c0 Propos de Jean-Louis DOSSOU et du Protocole CSR"},"content":{"rendered":"\n<p>Bienvenue sur <strong>Protocole-csr.com<\/strong>, plateforme officielle cr\u00e9\u00e9e par <strong>Jean-Louis DOSSOU<\/strong>, auteur reconnu, enseignant passionn\u00e9, Manager Senior chez <strong>Forever Living<\/strong> et expert en sant\u00e9 int\u00e9grative.<\/p>\n\n\n\n<h3 class=\"wp-block-heading has-medium-font-size\" id=\"mon-parcours-en-quelques-mots\">Mon parcours en quelques mots\u2026<\/h3>\n\n\n\n<p>Je suis <strong>Jean-Louis DOSSOU<\/strong>, enseignant du second degr\u00e9 et fonctionnaire d&rsquo;\u00c9tat au B\u00e9nin depuis pr\u00e8s de 30 ans. Mon histoire avec <strong>Forever Living<\/strong> d\u00e9bute pr\u00e9cis\u00e9ment le <strong>25 juillet 2008<\/strong>, date qui marque le d\u00e9but d\u2019une aventure exceptionnelle aux c\u00f4t\u00e9s de mon \u00e9pouse, <strong>G\u00e9n\u00e9vi\u00e8ve DOSSOU<\/strong>, v\u00e9ritable pilier de notre communaut\u00e9 et partenaire incontournable de toutes mes r\u00e9ussites.<\/p>\n\n\n\n<p>Depuis mai 2025, je suis au rang prestigieux de <strong>Manager Senior<\/strong>, fruit d\u2019un engagement constant sur le terrain et d\u2019un leadership reconnu internationalement aupr\u00e8s des <strong>Forever Business Owners<\/strong>. Ensemble, avec mon \u00e9pouse, nous incarnons une vision claire : la r\u00e9ussite globale, durable et surtout familiale.<\/p>\n\n\n\n<h3 class=\"wp-block-heading has-medium-font-size\" id=\"auteur-engage-et-expert-terrain\">Auteur engag\u00e9 et expert terrain<\/h3>\n\n\n\n<p>Fort de plus de <strong>60 livres publi\u00e9s<\/strong> au sein de ma s\u00e9rie embl\u00e9matique <strong>\u00ab Protocole Sant\u00e9 Interne \u00bb<\/strong>, disponible sur Amazon, je partage des protocoles uniques \u00e9labor\u00e9s sur le terrain, associant le savoir-faire et les produits Forever \u00e0 une approche int\u00e9grative de la sant\u00e9.<\/p>\n\n\n\n<p>Je suis aussi auteur de la <strong>\u00ab Trilogie Forever \u00bb<\/strong>, s\u00e9rie de 5 ouvrages, ainsi que des ouvrages de r\u00e9f\u00e9rence pour enseignants tels que <strong>\u00ab Enseignant Investisseur \u00bb<\/strong> et <strong>\u00ab Enseignant, Prends le contr\u00f4le \u00bb<\/strong>, disponibles \u00e9galement en format papier, afin d&rsquo;aider les enseignants \u00e0 atteindre libert\u00e9 financi\u00e8re et ma\u00eetrise personnelle.<\/p>\n\n\n\n<h3 class=\"wp-block-heading has-medium-font-size\" id=\"notre-mission-une-reussite-globale-familiale-et-durable\">Notre mission : une r\u00e9ussite globale, familiale et durable<\/h3>\n\n\n\n<p>Notre projet familial et entrepreneurial s\u2019articule autour de deux entit\u00e9s centrales :<\/p>\n\n\n\n<ul class=\"wp-block-list\">\n<li>L\u2019<strong>\u00c9cole de Sant\u00e9 et R\u00e9ussite (ESR)<\/strong>, lieu d&rsquo;apprentissage, d\u2019\u00e9change et de partage d\u00e9di\u00e9 aux m\u00e9thodes \u00e9prouv\u00e9es de la sant\u00e9 int\u00e9grative et de l\u2019\u00e9panouissement personnel.<\/li>\n\n\n\n<li>La communaut\u00e9 dynamique des <strong>Conseillers Sant\u00e9 et R\u00e9ussite (CSR)<\/strong>, compos\u00e9e de membres qui deviennent \u00e0 leur tour des mod\u00e8les inspirants, capables de dupliquer efficacement notre expertise et d\u2019accompagner leur entourage vers une meilleure qualit\u00e9 de vie.<\/li>\n<\/ul>\n\n\n\n<p>Chez nous, la r\u00e9ussite ne se limite pas \u00e0 l\u2019individu : nous croyons profond\u00e9ment que <strong>la r\u00e9ussite familiale<\/strong> est essentielle. C\u2019est pour cette raison que notre d\u00e9marche valorise autant l\u2019\u00e9panouissement personnel que celui de la famille dans sa globalit\u00e9.<\/p>\n\n\n\n<hr class=\"wp-block-separator has-alpha-channel-opacity\"\/>\n\n\n\n<p><strong>Rejoignez-nous d\u00e8s aujourd&rsquo;hui<\/strong>, faites partie d\u2019une aventure humaine, int\u00e9grative et familiale, o\u00f9 la r\u00e9ussite de chacun devient celle de tous.<\/p>\n\n\n\n<p><strong>Jean-Louis &amp; G\u00e9n\u00e9vi\u00e8ve DOSSOU<\/strong><br>Fondateurs du Protocole CSR et de l&rsquo;\u00c9cole de Sant\u00e9 et R\u00e9ussite (ESR)<\/p>\n","protected":false},"excerpt":{"rendered":"<p>Bienvenue sur Protocole-csr.com, plateforme officielle cr\u00e9\u00e9e par Jean-Louis DOSSOU, auteur reconnu, enseignant passionn\u00e9, Manager Senior chez Forever Living et expert en sant\u00e9 int\u00e9grative. Mon parcours en quelques mots\u2026 Je suis Jean-Louis DOSSOU, enseignant du second degr\u00e9 et fonctionnaire d&rsquo;\u00c9tat au B\u00e9nin depuis pr\u00e8s de 30 ans. Mon histoire avec Forever Living d\u00e9bute pr\u00e9cis\u00e9ment le 25 [&hellip;]<\/p>\n","protected":false},"author":1,"featured_media":639,"parent":0,"menu_order":0,"comment_status":"closed","ping_status":"closed","template":"","meta":{"_acf_changed":false,"_bbp_topic_count":0,"_bbp_reply_count":0,"_bbp_total_topic_count":0,"_bbp_total_reply_count":0,"_bbp_voice_count":0,"_bbp_anonymous_reply_count":0,"_bbp_topic_count_hidden":0,"_bbp_reply_count_hidden":0,"_bbp_forum_subforum_count":0,"_gspb_post_css":"","om_disable_all_campaigns":false,"_surecart_dashboard_logo_width":"180px","_surecart_dashboard_show_logo":true,"_surecart_dashboard_navigation_orders":true,"_surecart_dashboard_navigation_invoices":true,"_surecart_dashboard_navigation_subscriptions":true,"_surecart_dashboard_navigation_downloads":true,"_surecart_dashboard_navigation_billing":true,"_surecart_dashboard_navigation_account":true,"_monsterinsights_skip_tracking":false,"_monsterinsights_sitenote_active":false,"_monsterinsights_sitenote_note":"","_monsterinsights_sitenote_category":0,"_kadence_starter_templates_imported_post":false,"footnotes":""},"class_list":["post-637","page","type-page","status-publish","has-post-thumbnail","hentry"],"blocksy_meta":[],"aioseo_notices":[],"acf":[],"_links":{"self":[{"href":"https:\/\/protocole-csr.com\/index.php?rest_route=\/wp\/v2\/pages\/637","targetHints":{"allow":["GET"]}}],"collection":[{"href":"https:\/\/protocole-csr.com\/index.php?rest_route=\/wp\/v2\/pages"}],"about":[{"href":"https:\/\/protocole-csr.com\/index.php?rest_route=\/wp\/v2\/types\/page"}],"author":[{"embeddable":true,"href":"https:\/\/protocole-csr.com\/index.php?rest_route=\/wp\/v2\/users\/1"}],"replies":[{"embeddable":true,"href":"https:\/\/protocole-csr.com\/index.php?rest_route=%2Fwp%2Fv2%2Fcomments&post=637"}],"version-history":[{"count":1,"href":"https:\/\/protocole-csr.com\/index.php?rest_route=\/wp\/v2\/pages\/637\/revisions"}],"predecessor-version":[{"id":640,"href":"https:\/\/protocole-csr.com\/index.php?rest_route=\/wp\/v2\/pages\/637\/revisions\/640"}],"wp:featuredmedia":[{"embeddable":true,"href":"https:\/\/protocole-csr.com\/index.php?rest_route=\/wp\/v2\/media\/639"}],"wp:attachment":[{"href":"https:\/\/protocole-csr.com\/index.php?rest_route=%2Fwp%2Fv2%2Fmedia&parent=637"}],"curies":[{"name":"wp","href":"https:\/\/api.w.org\/{rel}","templated":true}]}}