{"id":641,"date":"2025-07-20T09:11:44","date_gmt":"2025-07-20T08:11:44","guid":{"rendered":"https:\/\/protocole-csr.com\/?page_id=641"},"modified":"2025-07-20T09:20:08","modified_gmt":"2025-07-20T08:20:08","slug":"boutique-nos-produits","status":"publish","type":"page","link":"https:\/\/protocole-csr.com\/?page_id=641","title":{"rendered":"Boutique \/ Nos Produits"},"content":{"rendered":"\n<p>Bienvenue sur notre boutique officielle. Vous trouverez ici une s\u00e9lection des meilleurs produits que nous utilisons au quotidien dans le cadre de notre approche unique en sant\u00e9 int\u00e9grative, ainsi que mes livres issus de longues ann\u00e9es d\u2019exp\u00e9riences terrain.<\/p>\n\n\n\n<p>Notre objectif est simple : vous offrir des outils concrets pour une meilleure sant\u00e9 globale, un bien-\u00eatre durable, ainsi qu&rsquo;une r\u00e9ussite personnelle et familiale pleinement \u00e9panouie.<\/p>\n\n\n\n<hr class=\"wp-block-separator has-alpha-channel-opacity\"\/>\n\n\n\n<h3 class=\"wp-block-heading has-medium-font-size\" id=\"produits-forever-living\">\ud83d\udd39 <strong>Produits Forever Living<\/strong><\/h3>\n\n\n\n<p>Les produits Forever Living que nous recommandons sont \u00e0 la base de nos <strong>protocoles sant\u00e9 int\u00e9grative<\/strong>. Nous avons choisi cette marque mondialement reconnue pour ses valeurs de qualit\u00e9, d\u2019efficacit\u00e9 et de respect de la nature.<\/p>\n\n\n\n<p><strong>D\u00e9couvrez les diff\u00e9rentes gammes :<\/strong><\/p>\n\n\n\n<ul class=\"wp-block-list\">\n<li><strong>Nutrition &amp; Compl\u00e9ments Alimentaires<\/strong>\n<ul class=\"wp-block-list\">\n<li>Aloe Vera Gel<\/li>\n\n\n\n<li>Forever Daily<\/li>\n\n\n\n<li>Arctic Sea<\/li>\n\n\n\n<li>Forever Move<\/li>\n<\/ul>\n<\/li>\n\n\n\n<li><strong>Gestion du Poids &amp; D\u00e9tox<\/strong>\n<ul class=\"wp-block-list\">\n<li>Programme Clean 9<\/li>\n\n\n\n<li>Programme F15<\/li>\n\n\n\n<li>Programme Vital 5<\/li>\n<\/ul>\n<\/li>\n\n\n\n<li><strong>Soins Personnels &amp; Beaut\u00e9<\/strong>\n<ul class=\"wp-block-list\">\n<li>Aloe Propolis Creme<\/li>\n\n\n\n<li>Aloe First<\/li>\n\n\n\n<li>Aloe Lips<\/li>\n\n\n\n<li>Infinite by Forever<\/li>\n<\/ul>\n<\/li>\n\n\n\n<li><strong>Produits de la Ruche<\/strong>\n<ul class=\"wp-block-list\">\n<li>Forever Bee Honey<\/li>\n\n\n\n<li>Forever Bee Pollen<\/li>\n\n\n\n<li>Forever Royal Jelly<\/li>\n<\/ul>\n<\/li>\n<\/ul>\n\n\n\n<p>\ud83d\udc49 <strong>Acc\u00e9dez directement \u00e0 la boutique officielle Forever Living :<\/strong><br><a>\ud83d\udc49 <\/a><a href=\"https:\/\/flp360social.com\/ShDz\">Visiter la boutique Forever Living<\/a><\/p>\n\n\n\n<hr class=\"wp-block-separator has-alpha-channel-opacity\"\/>\n\n\n\n<h3 class=\"wp-block-heading has-medium-font-size\" id=\"mes-livres-programmes\">\ud83d\udcda <strong>Mes Livres &amp; Programmes<\/strong><\/h3>\n\n\n\n<p>Chacun de mes livres est le r\u00e9sultat d&rsquo;exp\u00e9riences pratiques v\u00e9cues sur le terrain, de t\u00e9moignages authentiques et de m\u00e9thodes valid\u00e9es par des milliers de lecteurs et de membres de notre communaut\u00e9.<\/p>\n\n\n\n<p><strong>\ud83d\udcd6 S\u00e9rie \u00ab Protocole Sant\u00e9 Interne \u00bb<\/strong><\/p>\n\n\n\n<ul class=\"wp-block-list\">\n<li>+60 ouvrages pratiques pour votre sant\u00e9 int\u00e9grative<\/li>\n\n\n\n<li><a href=\"https:\/\/www.amazon.fr\/dp\/B0F5P64QM8?binding=kindle_edition&amp;ref_=saga_dp_ss_dsk_sdp\">\ud83d\udc49 D\u00e9couvrir et acheter sur Amazon<\/a><\/li>\n<\/ul>\n\n\n\n<p><strong>\ud83d\udcd6 Trilogie Forever (5 ouvrages)<\/strong> <em>(Disponible en version papier)<\/em><\/p>\n\n\n\n<ul class=\"wp-block-list\">\n<li><a>\ud83d\udc49 <a>Commander via <\/a><a href=\"https:\/\/www.amazon.fr\/dp\/B0F5P64QM8?binding=kindle_edition&amp;ref_=saga_dp_ss_dsk_sdp\">Amazon<\/a><a> ou par <\/a><a href=\"https:\/\/wa.me\/2290197165952\">WhatsApp<\/a><a>\/<\/a><a href=\"jldossou@gmail.com\">email<\/a><\/a><\/li>\n<\/ul>\n\n\n\n<p><strong>\ud83d\udcd6 Enseignant Investisseur<\/strong><\/p>\n\n\n\n<ul class=\"wp-block-list\">\n<li><a>\ud83d\udc49 <a>Commander via <\/a><a href=\"https:\/\/www.amazon.fr\/dp\/B0F5P64QM8?binding=kindle_edition&amp;ref_=saga_dp_ss_dsk_sdp\">Amazon<\/a><a> ou par <\/a><a href=\"https:\/\/wa.me\/2290197165952\">WhatsApp<\/a><a>\/<\/a><a href=\"jldossou@gmail.com\">email<\/a><\/a><\/li>\n<\/ul>\n\n\n\n<p><strong>\ud83d\udcd6 Enseignant, Prends le contr\u00f4le<\/strong> <em>(Disponible en version papier)<\/em><\/p>\n\n\n\n<ul class=\"wp-block-list\">\n<li><a>\ud83d\udc49 Commander via <\/a><a href=\"https:\/\/www.amazon.fr\/dp\/B0F5P64QM8?binding=kindle_edition&amp;ref_=saga_dp_ss_dsk_sdp\">Amazon<\/a><a> ou par <\/a><a href=\"https:\/\/wa.me\/2290197165952\">WhatsApp<\/a><a>\/<\/a><a href=\"jldossou@gmail.com\">email<\/a><\/li>\n<\/ul>\n\n\n\n<hr class=\"wp-block-separator has-alpha-channel-opacity\"\/>\n\n\n\n<h3 class=\"wp-block-heading has-medium-font-size\" id=\"commandes-personnalisees-et-questions\">\ud83d\udcf1 <strong>Commandes personnalis\u00e9es et questions ?<\/strong><\/h3>\n\n\n\n<p>Si vous avez des questions sp\u00e9cifiques, besoin d&rsquo;un conseil ou souhaitez une commande group\u00e9e ou personnalis\u00e9e, n&rsquo;h\u00e9sitez pas \u00e0 me contacter directement :<\/p>\n\n\n\n<ul class=\"wp-block-list\">\n<li><strong>WhatsApp :<\/strong> <a href=\"https:\/\/wa.me\/2290197165952\">Laisser un message<\/a><\/li>\n\n\n\n<li><strong>Email :<\/strong> <a href=\"jldossou@gmail.com\">Laisser un message<\/a><\/li>\n<\/ul>\n\n\n\n<p>Nous vous r\u00e9pondrons personnellement et rapidement pour vous accompagner au mieux dans votre parcours sant\u00e9 et r\u00e9ussite.<\/p>\n\n\n\n<hr class=\"wp-block-separator has-alpha-channel-opacity\"\/>\n\n\n\n<p>Merci de votre confiance !<br><strong>Jean-Louis &amp; G\u00e9n\u00e9vi\u00e8ve DOSSOU<\/strong><br>Fondateurs du Protocole CSR et de l&rsquo;\u00c9cole de Sant\u00e9 et R\u00e9ussite (ESR)<\/p>\n","protected":false},"excerpt":{"rendered":"<p>Bienvenue sur notre boutique officielle. Vous trouverez ici une s\u00e9lection des meilleurs produits que nous utilisons au quotidien dans le cadre de notre approche unique en sant\u00e9 int\u00e9grative, ainsi que mes livres issus de longues ann\u00e9es d\u2019exp\u00e9riences terrain. Notre objectif est simple : vous offrir des outils concrets pour une meilleure sant\u00e9 globale, un bien-\u00eatre [&hellip;]<\/p>\n","protected":false},"author":1,"featured_media":642,"parent":0,"menu_order":0,"comment_status":"closed","ping_status":"closed","template":"","meta":{"_acf_changed":false,"_bbp_topic_count":0,"_bbp_reply_count":0,"_bbp_total_topic_count":0,"_bbp_total_reply_count":0,"_bbp_voice_count":0,"_bbp_anonymous_reply_count":0,"_bbp_topic_count_hidden":0,"_bbp_reply_count_hidden":0,"_bbp_forum_subforum_count":0,"_gspb_post_css":"","om_disable_all_campaigns":false,"_surecart_dashboard_logo_width":"180px","_surecart_dashboard_show_logo":true,"_surecart_dashboard_navigation_orders":true,"_surecart_dashboard_navigation_invoices":true,"_surecart_dashboard_navigation_subscriptions":true,"_surecart_dashboard_navigation_downloads":true,"_surecart_dashboard_navigation_billing":true,"_surecart_dashboard_navigation_account":true,"_monsterinsights_skip_tracking":false,"_monsterinsights_sitenote_active":false,"_monsterinsights_sitenote_note":"","_monsterinsights_sitenote_category":0,"_kadence_starter_templates_imported_post":false,"footnotes":""},"class_list":["post-641","page","type-page","status-publish","has-post-thumbnail","hentry"],"blocksy_meta":[],"aioseo_notices":[],"acf":[],"_links":{"self":[{"href":"https:\/\/protocole-csr.com\/index.php?rest_route=\/wp\/v2\/pages\/641","targetHints":{"allow":["GET"]}}],"collection":[{"href":"https:\/\/protocole-csr.com\/index.php?rest_route=\/wp\/v2\/pages"}],"about":[{"href":"https:\/\/protocole-csr.com\/index.php?rest_route=\/wp\/v2\/types\/page"}],"author":[{"embeddable":true,"href":"https:\/\/protocole-csr.com\/index.php?rest_route=\/wp\/v2\/users\/1"}],"replies":[{"embeddable":true,"href":"https:\/\/protocole-csr.com\/index.php?rest_route=%2Fwp%2Fv2%2Fcomments&post=641"}],"version-history":[{"count":3,"href":"https:\/\/protocole-csr.com\/index.php?rest_route=\/wp\/v2\/pages\/641\/revisions"}],"predecessor-version":[{"id":645,"href":"https:\/\/protocole-csr.com\/index.php?rest_route=\/wp\/v2\/pages\/641\/revisions\/645"}],"wp:featuredmedia":[{"embeddable":true,"href":"https:\/\/protocole-csr.com\/index.php?rest_route=\/wp\/v2\/media\/642"}],"wp:attachment":[{"href":"https:\/\/protocole-csr.com\/index.php?rest_route=%2Fwp%2Fv2%2Fmedia&parent=641"}],"curies":[{"name":"wp","href":"https:\/\/api.w.org\/{rel}","templated":true}]}}