{"id":649,"date":"2025-07-20T16:55:29","date_gmt":"2025-07-20T15:55:29","guid":{"rendered":"https:\/\/protocole-csr.com\/?page_id=649"},"modified":"2025-07-20T17:03:36","modified_gmt":"2025-07-20T16:03:36","slug":"protocoles-sante-interne","status":"publish","type":"page","link":"https:\/\/protocole-csr.com\/?page_id=649","title":{"rendered":"Protocoles Sant\u00e9 Interne"},"content":{"rendered":"\n<p>La s\u00e9rie <strong>\u00ab Protocole Sant\u00e9 Interne \u00bb<\/strong> est une collection unique de plus de <strong>60 ouvrages pratiques<\/strong>, fruit de nombreuses ann\u00e9es d&rsquo;exp\u00e9riences terrain, d\u2019\u00e9tudes approfondies et de t\u00e9moignages concrets issus de milliers d&rsquo;accompagnements r\u00e9ussis.<\/p>\n\n\n\n<p>Chacun de ces protocoles pr\u00e9sente des solutions pr\u00e9cises, naturelles, et int\u00e9gratives, pour vous aider \u00e0 reprendre en main votre sant\u00e9 globale de mani\u00e8re autonome, consciente et durable.<\/p>\n\n\n\n<hr class=\"wp-block-separator has-alpha-channel-opacity\"\/>\n\n\n\n<h3 class=\"wp-block-heading has-medium-font-size\" id=\"decouvrez-tous-les-titres-disponibles\">\ud83d\udcda <strong>D\u00e9couvrez tous les titres disponibles :<\/strong><\/h3>\n\n\n\n<ol class=\"wp-block-list\">\n<li>Encyclop\u00e9die Protocole Sant\u00e9 Interne <em>(ouvrage de r\u00e9f\u00e9rence complet)<\/em><\/li>\n\n\n\n<li>Le Protocole Arthrose<\/li>\n\n\n\n<li>Le Protocole AVC<\/li>\n\n\n\n<li>Le Protocole Cancers<\/li>\n\n\n\n<li>Le Protocole Circulation<\/li>\n\n\n\n<li>Le Protocole C\u0153ur<\/li>\n\n\n\n<li>Le Protocole D\u00e9tox Cellulaire<\/li>\n\n\n\n<li>Le Protocole Diab\u00e8te<\/li>\n\n\n\n<li>Le Protocole Fascias<\/li>\n\n\n\n<li>Le Protocole Hormonal<\/li>\n\n\n\n<li>Le Protocole Hypertension<\/li>\n\n\n\n<li>Le Protocole Intestin<\/li>\n\n\n\n<li>Le Protocole Kyste &amp; Fibromes<\/li>\n\n\n\n<li>Le Protocole Maternit\u00e9<\/li>\n\n\n\n<li>Le Protocole Peau<\/li>\n\n\n\n<li>Le Protocole Pierres<\/li>\n\n\n\n<li>Le Protocole Polyarthrite<\/li>\n\n\n\n<li>Le Protocole Prostate<\/li>\n\n\n\n<li>Le Protocole Respiration<\/li>\n\n\n\n<li>Le Protocole Sciatique<\/li>\n\n\n\n<li>Le Protocole Thyro\u00efde<\/li>\n\n\n\n<li>Dans le Sang, la V\u00e9rit\u00e9<\/li>\n\n\n\n<li>Maladies Invisibles<\/li>\n\n\n\n<li>Protocole Vision<\/li>\n\n\n\n<li>Protocole Analyses Biom\u00e9dicales<\/li>\n\n\n\n<li>Protocole Asthme<\/li>\n\n\n\n<li>Protocole Cellulaire<\/li>\n\n\n\n<li>Protocole Cerveau<\/li>\n\n\n\n<li>Protocole Corps<\/li>\n\n\n\n<li>Protocole Embolie Pulmonaire<\/li>\n\n\n\n<li>Protocole Femmes<\/li>\n\n\n\n<li>Protocole Foie<\/li>\n\n\n\n<li>Protocole Foie Gras<\/li>\n\n\n\n<li>Protocole Glaucome<\/li>\n\n\n\n<li>Protocole Graisses<\/li>\n\n\n\n<li>Protocole H\u00e9morro\u00efdes<\/li>\n\n\n\n<li>Protocole InfoSant\u00e9<\/li>\n\n\n\n<li>Protocole Libido<\/li>\n\n\n\n<li>Protocole Mental<\/li>\n\n\n\n<li>Protocole Micronutriments<\/li>\n\n\n\n<li>Protocole Oxyg\u00e8ne<\/li>\n\n\n\n<li>Protocole Paludisme<\/li>\n\n\n\n<li>Protocole PMA<\/li>\n\n\n\n<li>Protocole Poids Vivant<\/li>\n\n\n\n<li>Protocole Prot\u00e9ines<\/li>\n\n\n\n<li>Protocole Reins<\/li>\n\n\n\n<li>Protocole Seins<\/li>\n\n\n\n<li>Protocole Stress &amp; Syst\u00e8me Nerveux<\/li>\n\n\n\n<li>Protocole Sucre<\/li>\n\n\n\n<li>Protocole Trompes Lib\u00e9r\u00e9es<\/li>\n\n\n\n<li>Protocole Typho\u00efde<\/li>\n\n\n\n<li>Protocole Ulc\u00e8re Gastro-Duod\u00e9nal<\/li>\n\n\n\n<li>Protocole Varicoc\u00e8le<\/li>\n\n\n\n<li>Protocole Vitalit\u00e9<\/li>\n\n\n\n<li>Protocoles Microbiote<\/li>\n\n\n\n<li>Protocoles Reins<\/li>\n\n\n\n<li>Protocoles Th\u00e9rapeutiques Naturels<\/li>\n\n\n\n<li>Protocole Immunit\u00e9<\/li>\n\n\n\n<li>R\u00e9volution Intestinale<\/li>\n\n\n\n<li>Le Protocole Dr\u00e9panocytose<\/li>\n\n\n\n<li>Protocole Allergies<\/li>\n<\/ol>\n\n\n\n<hr class=\"wp-block-separator has-alpha-channel-opacity\"\/>\n\n\n\n<h3 class=\"wp-block-heading has-medium-font-size\" id=\"pourquoi-choisir-les-protocoles-sante-interne\">\u2728 <strong>Pourquoi choisir les Protocoles Sant\u00e9 Interne ?<\/strong><\/h3>\n\n\n\n<p>Chaque protocole est con\u00e7u comme un guide pratique, facile \u00e0 suivre et valid\u00e9 par des ann\u00e9es d\u2019exp\u00e9riences r\u00e9ussies. Mes livres vous offrent :<\/p>\n\n\n\n<ul class=\"wp-block-list\">\n<li>Des <strong>solutions naturelles<\/strong> et int\u00e9gratives clairement expliqu\u00e9es.<\/li>\n\n\n\n<li>Des conseils issus de l&rsquo;exp\u00e9rience terrain, valid\u00e9s par des r\u00e9sultats concrets.<\/li>\n\n\n\n<li>Des recommandations pratiques fond\u00e9es sur les produits Forever Living.<\/li>\n\n\n\n<li>Des t\u00e9moignages r\u00e9els pour mieux comprendre chaque probl\u00e9matique de sant\u00e9.<\/li>\n\n\n\n<li>Une approche accessible, rigoureuse et respectueuse du corps humain.<\/li>\n<\/ul>\n\n\n\n<hr class=\"wp-block-separator has-alpha-channel-opacity\"\/>\n\n\n\n<h3 class=\"wp-block-heading has-medium-font-size\" id=\"ou-vous-procurer-ces-ouvrages\">\ud83d\udcd6 <strong>O\u00f9 vous procurer ces ouvrages ?<\/strong><\/h3>\n\n\n\n<p>Tous les ouvrages de la s\u00e9rie <strong>Protocole Sant\u00e9 Interne<\/strong> sont disponibles sur Amazon en version num\u00e9rique. Certains titres sont \u00e9galement disponibles en version papier.<\/p>\n\n\n\n<p style=\"border-radius:43px\"><strong>\ud83d\udc49 Acc\u00e9dez directement \u00e0 la s\u00e9rie compl\u00e8te sur Amazon :<\/strong><br><a href=\"https:\/\/www.amazon.fr\/dp\/B0F5P64QM8?binding=kindle_edition&amp;ref_=saga_dp_ss_dsk_sdp\">D\u00e9couvrir les Protocoles Sant\u00e9 Interne sur Amazon<\/a><\/p>\n\n\n\n<p><strong>Pour des commandes sp\u00e9cifiques, group\u00e9es, ou une assistance personnalis\u00e9e :<\/strong><\/p>\n\n\n\n<ul class=\"wp-block-list\">\n<li><strong>WhatsApp :<\/strong> <a href=\"https:\/\/wa.me\/2290197165952\">Laisser un message<\/a><\/li>\n\n\n\n<li><strong>Email :<\/strong> <a href=\"jldossou@gmail.com\">Laisser un message<\/a><\/li>\n<\/ul>\n\n\n\n<p>Nous sommes l\u00e0 pour vous guider vers une meilleure sant\u00e9 globale.<\/p>\n\n\n\n<hr class=\"wp-block-separator has-alpha-channel-opacity\"\/>\n\n\n\n<p><strong>Votre sant\u00e9 est votre plus grande richesse, prenez-en soin !<\/strong><br><strong>Jean-Louis &amp; G\u00e9n\u00e9vi\u00e8ve DOSSOU<\/strong><br>Fondateurs du Protocole CSR et de l&rsquo;\u00c9cole de Sant\u00e9 et R\u00e9ussite (ESR)<\/p>\n\n\n\n<div class=\"wp-block-buttons is-layout-flex wp-block-buttons-is-layout-flex\">\n<div class=\"wp-block-button is-style-outline is-style-outline--1\"><a class=\"wp-block-button__link wp-element-button\" href=\"https:\/\/protocole-csr.com\/?p=348\">S&rsquo;abonner<\/a><\/div>\n<\/div>\n","protected":false},"excerpt":{"rendered":"<p>La s\u00e9rie \u00ab Protocole Sant\u00e9 Interne \u00bb est une collection unique de plus de 60 ouvrages pratiques, fruit de nombreuses ann\u00e9es d&rsquo;exp\u00e9riences terrain, d\u2019\u00e9tudes approfondies et de t\u00e9moignages concrets issus de milliers d&rsquo;accompagnements r\u00e9ussis. Chacun de ces protocoles pr\u00e9sente des solutions pr\u00e9cises, naturelles, et int\u00e9gratives, pour vous aider \u00e0 reprendre en main votre sant\u00e9 globale [&hellip;]<\/p>\n","protected":false},"author":1,"featured_media":0,"parent":0,"menu_order":0,"comment_status":"closed","ping_status":"closed","template":"","meta":{"_acf_changed":false,"_bbp_topic_count":0,"_bbp_reply_count":0,"_bbp_total_topic_count":0,"_bbp_total_reply_count":0,"_bbp_voice_count":0,"_bbp_anonymous_reply_count":0,"_bbp_topic_count_hidden":0,"_bbp_reply_count_hidden":0,"_bbp_forum_subforum_count":0,"_gspb_post_css":"","om_disable_all_campaigns":false,"_surecart_dashboard_logo_width":"180px","_surecart_dashboard_show_logo":true,"_surecart_dashboard_navigation_orders":true,"_surecart_dashboard_navigation_invoices":true,"_surecart_dashboard_navigation_subscriptions":true,"_surecart_dashboard_navigation_downloads":true,"_surecart_dashboard_navigation_billing":true,"_surecart_dashboard_navigation_account":true,"_monsterinsights_skip_tracking":false,"_monsterinsights_sitenote_active":false,"_monsterinsights_sitenote_note":"","_monsterinsights_sitenote_category":0,"_kadence_starter_templates_imported_post":false,"footnotes":""},"class_list":["post-649","page","type-page","status-publish","hentry"],"blocksy_meta":[],"aioseo_notices":[],"acf":[],"_links":{"self":[{"href":"https:\/\/protocole-csr.com\/index.php?rest_route=\/wp\/v2\/pages\/649","targetHints":{"allow":["GET"]}}],"collection":[{"href":"https:\/\/protocole-csr.com\/index.php?rest_route=\/wp\/v2\/pages"}],"about":[{"href":"https:\/\/protocole-csr.com\/index.php?rest_route=\/wp\/v2\/types\/page"}],"author":[{"embeddable":true,"href":"https:\/\/protocole-csr.com\/index.php?rest_route=\/wp\/v2\/users\/1"}],"replies":[{"embeddable":true,"href":"https:\/\/protocole-csr.com\/index.php?rest_route=%2Fwp%2Fv2%2Fcomments&post=649"}],"version-history":[{"count":3,"href":"https:\/\/protocole-csr.com\/index.php?rest_route=\/wp\/v2\/pages\/649\/revisions"}],"predecessor-version":[{"id":653,"href":"https:\/\/protocole-csr.com\/index.php?rest_route=\/wp\/v2\/pages\/649\/revisions\/653"}],"wp:attachment":[{"href":"https:\/\/protocole-csr.com\/index.php?rest_route=%2Fwp%2Fv2%2Fmedia&parent=649"}],"curies":[{"name":"wp","href":"https:\/\/api.w.org\/{rel}","templated":true}]}}